{"id":2643,"date":"2015-12-26T09:16:32","date_gmt":"2015-12-26T09:16:32","guid":{"rendered":"http:\/\/fmautomotive.ch\/cms\/?page_id=2643"},"modified":"2025-10-29T14:02:16","modified_gmt":"2025-10-29T14:02:16","slug":"produkte","status":"publish","type":"page","link":"https:\/\/fmautomotive.ch\/cms\/?page_id=2643","title":{"rendered":"Produkte"},"content":{"rendered":"<h3><b>Interior<\/b><\/h3>\n<h4><b>Bodenverkleidung<br \/>\n<\/b><\/h4>\n<p>Die Textiloberware ist im Fahrzeuginterieur sichtbar und muss somit die \u00e4sthetischen Anforderungen der Kunden erf\u00fcllen. Je nach Fahrzeugklassen kommen sowohl Tuftingteppiche wie auch Nadelvliesteppiche zum Einsatz. Die Bodenverkleidungen reduzieren Ger\u00e4usche, welche von der Strasse oder vom Antriebsstrang her in die Passagierkabine dringen.<\/p>\n<h4><em><strong><a href=\"http:\/\/fmautomotive.ch\/cms\/wp-content\/uploads\/2025\/10\/BV.png\"><img loading=\"lazy\" decoding=\"async\" class=\"aligncenter  wp-image-2899\" src=\"http:\/\/fmautomotive.ch\/cms\/wp-content\/uploads\/2025\/10\/BV-300x100.png\" alt=\"\" width=\"492\" height=\"164\" srcset=\"https:\/\/fmautomotive.ch\/cms\/wp-content\/uploads\/2025\/10\/BV-300x100.png 300w, https:\/\/fmautomotive.ch\/cms\/wp-content\/uploads\/2025\/10\/BV-1024x342.png 1024w, https:\/\/fmautomotive.ch\/cms\/wp-content\/uploads\/2025\/10\/BV-768x256.png 768w, https:\/\/fmautomotive.ch\/cms\/wp-content\/uploads\/2025\/10\/BV-1536x512.png 1536w, https:\/\/fmautomotive.ch\/cms\/wp-content\/uploads\/2025\/10\/BV-100x33.png 100w, https:\/\/fmautomotive.ch\/cms\/wp-content\/uploads\/2025\/10\/BV-150x50.png 150w, https:\/\/fmautomotive.ch\/cms\/wp-content\/uploads\/2025\/10\/BV-200x67.png 200w, https:\/\/fmautomotive.ch\/cms\/wp-content\/uploads\/2025\/10\/BV-450x150.png 450w, https:\/\/fmautomotive.ch\/cms\/wp-content\/uploads\/2025\/10\/BV-600x200.png 600w, https:\/\/fmautomotive.ch\/cms\/wp-content\/uploads\/2025\/10\/BV-900x300.png 900w, https:\/\/fmautomotive.ch\/cms\/wp-content\/uploads\/2025\/10\/BV.png 1748w\" sizes=\"auto, (max-width: 492px) 100vw, 492px\" \/><\/a>Floor cover<\/strong><\/em><\/h4>\n<p><em>The textile surface is visible in the vehicle interior and has to fulfill the aesthetic requirements from customer. Related to the vehicle category there are tufting- and also dilour carpets in use.\u00a0<\/em><em>The floor covers are reducing noises, which are coming from the road or power train into the passenger area.<\/em><\/p>\n<p><a href=\"http:\/\/fmautomotive.ch\/cms\/wp-content\/uploads\/2015\/12\/IMG_0717.jpg\" rel=\"attachment wp-att-2862\"><img loading=\"lazy\" decoding=\"async\" class=\"size-medium wp-image-2862 aligncenter\" src=\"http:\/\/fmautomotive.ch\/cms\/wp-content\/uploads\/2015\/12\/IMG_0717-300x206.jpg\" alt=\"IMG_0717\" width=\"300\" height=\"206\" srcset=\"https:\/\/fmautomotive.ch\/cms\/wp-content\/uploads\/2015\/12\/IMG_0717-300x206.jpg 300w, https:\/\/fmautomotive.ch\/cms\/wp-content\/uploads\/2015\/12\/IMG_0717-768x528.jpg 768w, https:\/\/fmautomotive.ch\/cms\/wp-content\/uploads\/2015\/12\/IMG_0717-1024x704.jpg 1024w, https:\/\/fmautomotive.ch\/cms\/wp-content\/uploads\/2015\/12\/IMG_0717-100x69.jpg 100w, https:\/\/fmautomotive.ch\/cms\/wp-content\/uploads\/2015\/12\/IMG_0717-150x103.jpg 150w, https:\/\/fmautomotive.ch\/cms\/wp-content\/uploads\/2015\/12\/IMG_0717-200x138.jpg 200w, https:\/\/fmautomotive.ch\/cms\/wp-content\/uploads\/2015\/12\/IMG_0717-450x309.jpg 450w, https:\/\/fmautomotive.ch\/cms\/wp-content\/uploads\/2015\/12\/IMG_0717-600x413.jpg 600w, https:\/\/fmautomotive.ch\/cms\/wp-content\/uploads\/2015\/12\/IMG_0717-900x619.jpg 900w, https:\/\/fmautomotive.ch\/cms\/wp-content\/uploads\/2015\/12\/IMG_0717.jpg 1076w\" sizes=\"auto, (max-width: 300px) 100vw, 300px\" \/><\/a><\/p>\n<h4><b>Gep\u00e4ckraumverkleidung<b><br \/>\n<\/b><\/b><\/h4>\n<p>Die Verkleidungen im\u00a0Gep\u00e4ckraum sind Sichtbauteile und m\u00fcssen somit die \u00e4sthetischen Anforderungen der Kunden erf\u00fcllen. Als textile Verkleidungen kommen meist Dilour- und Flachnadelvliesteppiche zum Einsatz.An die Verkleidungen im Gep\u00e4ckraum werden auch Funktionale Anforderungen gestellt, wie zum Beispiel Ablagesysteme oder Haltesystem von Einlegeboeden.<\/p>\n<p><a href=\"http:\/\/fmautomotive.ch\/cms\/wp-content\/uploads\/2025\/10\/VKL-GPR.png\"><img loading=\"lazy\" decoding=\"async\" class=\"aligncenter  wp-image-2898\" src=\"http:\/\/fmautomotive.ch\/cms\/wp-content\/uploads\/2025\/10\/VKL-GPR-300x200.png\" alt=\"\" width=\"330\" height=\"220\" srcset=\"https:\/\/fmautomotive.ch\/cms\/wp-content\/uploads\/2025\/10\/VKL-GPR-300x200.png 300w, https:\/\/fmautomotive.ch\/cms\/wp-content\/uploads\/2025\/10\/VKL-GPR-1024x683.png 1024w, https:\/\/fmautomotive.ch\/cms\/wp-content\/uploads\/2025\/10\/VKL-GPR-768x512.png 768w, https:\/\/fmautomotive.ch\/cms\/wp-content\/uploads\/2025\/10\/VKL-GPR-100x67.png 100w, https:\/\/fmautomotive.ch\/cms\/wp-content\/uploads\/2025\/10\/VKL-GPR-150x100.png 150w, https:\/\/fmautomotive.ch\/cms\/wp-content\/uploads\/2025\/10\/VKL-GPR-200x133.png 200w, https:\/\/fmautomotive.ch\/cms\/wp-content\/uploads\/2025\/10\/VKL-GPR-450x300.png 450w, https:\/\/fmautomotive.ch\/cms\/wp-content\/uploads\/2025\/10\/VKL-GPR-600x400.png 600w, https:\/\/fmautomotive.ch\/cms\/wp-content\/uploads\/2025\/10\/VKL-GPR-900x600.png 900w, https:\/\/fmautomotive.ch\/cms\/wp-content\/uploads\/2025\/10\/VKL-GPR.png 1536w\" sizes=\"auto, (max-width: 330px) 100vw, 330px\" \/><\/a><\/p>\n<p>&nbsp;<\/p>\n<h4><em>Trunk trim<\/em><\/h4>\n<p><em>The trims in the trunk are visible parts and have to fulfill the esthetic requirements from customer. <\/em><em>There are dilour and flat needle felt carpets in use for textile trims. The trunk trims have also to comply with functional requests eg. storage systems or holding fixtures for load floors.<a href=\"http:\/\/fmautomotive.ch\/cms\/wp-content\/uploads\/2015\/12\/Trunk-trim-panel-BMW-F18-1-1.png\" rel=\"attachment wp-att-2826\"><img loading=\"lazy\" decoding=\"async\" class=\"aligncenter wp-image-2826 size-medium\" src=\"http:\/\/fmautomotive.ch\/cms\/wp-content\/uploads\/2015\/12\/Trunk-trim-panel-BMW-F18-1-1-300x286.png\" alt=\"Trunk trim panel BMW F18-1\" width=\"300\" height=\"286\" srcset=\"https:\/\/fmautomotive.ch\/cms\/wp-content\/uploads\/2015\/12\/Trunk-trim-panel-BMW-F18-1-1-300x286.png 300w, https:\/\/fmautomotive.ch\/cms\/wp-content\/uploads\/2015\/12\/Trunk-trim-panel-BMW-F18-1-1-100x95.png 100w, https:\/\/fmautomotive.ch\/cms\/wp-content\/uploads\/2015\/12\/Trunk-trim-panel-BMW-F18-1-1-150x143.png 150w, https:\/\/fmautomotive.ch\/cms\/wp-content\/uploads\/2015\/12\/Trunk-trim-panel-BMW-F18-1-1-200x191.png 200w, https:\/\/fmautomotive.ch\/cms\/wp-content\/uploads\/2015\/12\/Trunk-trim-panel-BMW-F18-1-1-450x429.png 450w, https:\/\/fmautomotive.ch\/cms\/wp-content\/uploads\/2015\/12\/Trunk-trim-panel-BMW-F18-1-1.png 473w\" sizes=\"auto, (max-width: 300px) 100vw, 300px\" \/><\/a><a href=\"http:\/\/fmautomotive.ch\/cms\/wp-content\/uploads\/2015\/12\/Trunk-trim-panel-BMW-F18-1.png\" rel=\"attachment wp-att-2813\"><br \/>\n<\/a><\/em><\/p>\n<h4><b>Schallisolierung Innenraum<\/b><\/h4>\n<p>Die Schallisolierungen im Innenraum verhindern das Eindringen unerw\u00fcnschter Ger\u00e4usche in die Fahrgastraum. Je nach Ausf\u00fchrung absorbiert und d\u00e4mmt die Schallisolation den L\u00e4rm.<\/p>\n<p><a href=\"http:\/\/fmautomotive.ch\/cms\/wp-content\/uploads\/2025\/10\/SI-Innenraum.png\"><img loading=\"lazy\" decoding=\"async\" class=\"aligncenter  wp-image-2897\" src=\"http:\/\/fmautomotive.ch\/cms\/wp-content\/uploads\/2025\/10\/SI-Innenraum-300x200.png\" alt=\"\" width=\"315\" height=\"210\" srcset=\"https:\/\/fmautomotive.ch\/cms\/wp-content\/uploads\/2025\/10\/SI-Innenraum-300x200.png 300w, https:\/\/fmautomotive.ch\/cms\/wp-content\/uploads\/2025\/10\/SI-Innenraum-1024x683.png 1024w, https:\/\/fmautomotive.ch\/cms\/wp-content\/uploads\/2025\/10\/SI-Innenraum-768x512.png 768w, https:\/\/fmautomotive.ch\/cms\/wp-content\/uploads\/2025\/10\/SI-Innenraum-100x67.png 100w, https:\/\/fmautomotive.ch\/cms\/wp-content\/uploads\/2025\/10\/SI-Innenraum-150x100.png 150w, https:\/\/fmautomotive.ch\/cms\/wp-content\/uploads\/2025\/10\/SI-Innenraum-200x133.png 200w, https:\/\/fmautomotive.ch\/cms\/wp-content\/uploads\/2025\/10\/SI-Innenraum-450x300.png 450w, https:\/\/fmautomotive.ch\/cms\/wp-content\/uploads\/2025\/10\/SI-Innenraum-600x400.png 600w, https:\/\/fmautomotive.ch\/cms\/wp-content\/uploads\/2025\/10\/SI-Innenraum-900x600.png 900w, https:\/\/fmautomotive.ch\/cms\/wp-content\/uploads\/2025\/10\/SI-Innenraum.png 1536w\" sizes=\"auto, (max-width: 315px) 100vw, 315px\" \/><\/a><\/p>\n<h4><strong><em>Sound insulation interior<\/em><\/strong><\/h4>\n<p><em>The sound insulation interior prevent unwanted noise from entering the passenger compartment.\u00a0 Depending on the construction the sound insulation does absorbing and insulating the noise.<a href=\"http:\/\/fmautomotive.ch\/cms\/wp-content\/uploads\/2015\/12\/SOUND-INSULATING-REAR-BMW-F25.png\" rel=\"attachment wp-att-2812\"><img loading=\"lazy\" decoding=\"async\" class=\"aligncenter wp-image-2812 size-medium\" src=\"http:\/\/fmautomotive.ch\/cms\/wp-content\/uploads\/2015\/12\/SOUND-INSULATING-REAR-BMW-F25-300x213.png\" alt=\"SOUND INSULATING REAR BMW F25\" width=\"300\" height=\"213\" srcset=\"https:\/\/fmautomotive.ch\/cms\/wp-content\/uploads\/2015\/12\/SOUND-INSULATING-REAR-BMW-F25-300x213.png 300w, https:\/\/fmautomotive.ch\/cms\/wp-content\/uploads\/2015\/12\/SOUND-INSULATING-REAR-BMW-F25-768x545.png 768w, https:\/\/fmautomotive.ch\/cms\/wp-content\/uploads\/2015\/12\/SOUND-INSULATING-REAR-BMW-F25-1024x726.png 1024w, https:\/\/fmautomotive.ch\/cms\/wp-content\/uploads\/2015\/12\/SOUND-INSULATING-REAR-BMW-F25-100x71.png 100w, https:\/\/fmautomotive.ch\/cms\/wp-content\/uploads\/2015\/12\/SOUND-INSULATING-REAR-BMW-F25-150x106.png 150w, https:\/\/fmautomotive.ch\/cms\/wp-content\/uploads\/2015\/12\/SOUND-INSULATING-REAR-BMW-F25-200x142.png 200w, https:\/\/fmautomotive.ch\/cms\/wp-content\/uploads\/2015\/12\/SOUND-INSULATING-REAR-BMW-F25-450x319.png 450w, https:\/\/fmautomotive.ch\/cms\/wp-content\/uploads\/2015\/12\/SOUND-INSULATING-REAR-BMW-F25-600x425.png 600w, https:\/\/fmautomotive.ch\/cms\/wp-content\/uploads\/2015\/12\/SOUND-INSULATING-REAR-BMW-F25-900x638.png 900w, https:\/\/fmautomotive.ch\/cms\/wp-content\/uploads\/2015\/12\/SOUND-INSULATING-REAR-BMW-F25.png 1141w\" sizes=\"auto, (max-width: 300px) 100vw, 300px\" \/><\/a><\/em><b><\/b><\/p>\n<h3><b>Exterior<\/b><\/h3>\n<h4><b>Schallisolierung Motorraum<\/b><\/h4>\n<p>Die Schallisolierungen im Motorraum reduzieren die Innen- und Aussenger\u00e4usche von Fahrzeugen.\u00a0Die Schallisolierungen m\u00fcssen die hohe thermische Belastung im Motorraum standhalten.<\/p>\n<p><a href=\"http:\/\/fmautomotive.ch\/cms\/wp-content\/uploads\/2025\/10\/SI-Engie-bay.png\"><img loading=\"lazy\" decoding=\"async\" class=\"aligncenter size-medium wp-image-2896\" src=\"http:\/\/fmautomotive.ch\/cms\/wp-content\/uploads\/2025\/10\/SI-Engie-bay-300x200.png\" alt=\"\" width=\"300\" height=\"200\" srcset=\"https:\/\/fmautomotive.ch\/cms\/wp-content\/uploads\/2025\/10\/SI-Engie-bay-300x200.png 300w, https:\/\/fmautomotive.ch\/cms\/wp-content\/uploads\/2025\/10\/SI-Engie-bay-1024x683.png 1024w, https:\/\/fmautomotive.ch\/cms\/wp-content\/uploads\/2025\/10\/SI-Engie-bay-768x512.png 768w, https:\/\/fmautomotive.ch\/cms\/wp-content\/uploads\/2025\/10\/SI-Engie-bay-100x67.png 100w, https:\/\/fmautomotive.ch\/cms\/wp-content\/uploads\/2025\/10\/SI-Engie-bay-150x100.png 150w, https:\/\/fmautomotive.ch\/cms\/wp-content\/uploads\/2025\/10\/SI-Engie-bay-200x133.png 200w, https:\/\/fmautomotive.ch\/cms\/wp-content\/uploads\/2025\/10\/SI-Engie-bay-450x300.png 450w, https:\/\/fmautomotive.ch\/cms\/wp-content\/uploads\/2025\/10\/SI-Engie-bay-600x400.png 600w, https:\/\/fmautomotive.ch\/cms\/wp-content\/uploads\/2025\/10\/SI-Engie-bay-900x600.png 900w, https:\/\/fmautomotive.ch\/cms\/wp-content\/uploads\/2025\/10\/SI-Engie-bay.png 1536w\" sizes=\"auto, (max-width: 300px) 100vw, 300px\" \/><\/a><\/p>\n<h4><strong><em>Sound insulation engine bay<\/em><\/strong><\/h4>\n<p><em>The sound insulation at the engine bay is reducing the interior and exterior noises of the vehicles. The sound insulation has to resists high thermal impact at the engine bay.<\/em><a href=\"http:\/\/fmautomotive.ch\/cms\/wp-content\/uploads\/2015\/12\/SOUND-INSULATING-FRONT-BMW-G11.png\" rel=\"attachment wp-att-2815\"><img loading=\"lazy\" decoding=\"async\" class=\"aligncenter wp-image-2815 size-medium\" src=\"http:\/\/fmautomotive.ch\/cms\/wp-content\/uploads\/2015\/12\/SOUND-INSULATING-FRONT-BMW-G11-300x208.png\" alt=\"SOUND INSULATING FRONT BMW G11\" width=\"300\" height=\"208\" srcset=\"https:\/\/fmautomotive.ch\/cms\/wp-content\/uploads\/2015\/12\/SOUND-INSULATING-FRONT-BMW-G11-300x208.png 300w, https:\/\/fmautomotive.ch\/cms\/wp-content\/uploads\/2015\/12\/SOUND-INSULATING-FRONT-BMW-G11-768x533.png 768w, https:\/\/fmautomotive.ch\/cms\/wp-content\/uploads\/2015\/12\/SOUND-INSULATING-FRONT-BMW-G11-1024x711.png 1024w, https:\/\/fmautomotive.ch\/cms\/wp-content\/uploads\/2015\/12\/SOUND-INSULATING-FRONT-BMW-G11-100x69.png 100w, https:\/\/fmautomotive.ch\/cms\/wp-content\/uploads\/2015\/12\/SOUND-INSULATING-FRONT-BMW-G11-150x104.png 150w, https:\/\/fmautomotive.ch\/cms\/wp-content\/uploads\/2015\/12\/SOUND-INSULATING-FRONT-BMW-G11-200x139.png 200w, https:\/\/fmautomotive.ch\/cms\/wp-content\/uploads\/2015\/12\/SOUND-INSULATING-FRONT-BMW-G11-450x312.png 450w, https:\/\/fmautomotive.ch\/cms\/wp-content\/uploads\/2015\/12\/SOUND-INSULATING-FRONT-BMW-G11-600x417.png 600w, https:\/\/fmautomotive.ch\/cms\/wp-content\/uploads\/2015\/12\/SOUND-INSULATING-FRONT-BMW-G11-900x625.png 900w, https:\/\/fmautomotive.ch\/cms\/wp-content\/uploads\/2015\/12\/SOUND-INSULATING-FRONT-BMW-G11.png 1132w\" sizes=\"auto, (max-width: 300px) 100vw, 300px\" \/><\/a><\/p>\n<h4><b>Hitzeschilder<\/b><\/h4>\n<p>Die Hitzeschilder werden prim\u00e4r zum Schutz vor Hitze eingesetzt, die zum Beispiel im Motorraum und in der Abgasanlage entsteht. Die Hitzeschildern aus Aluminium schirmen die Strahlungsw\u00e4rme ab. Verf\u00fcgen die Hitzeschilder \u00fcber eine Mikroperforierung, weisen diese eine schallabsorbierende Funktion auf.<\/p>\n<p><a href=\"http:\/\/fmautomotive.ch\/cms\/wp-content\/uploads\/2015\/12\/HSII.jpg\" rel=\"attachment wp-att-2759\"><img loading=\"lazy\" decoding=\"async\" class=\"aligncenter wp-image-2759 size-medium\" src=\"http:\/\/fmautomotive.ch\/cms\/wp-content\/uploads\/2015\/12\/HSII-300x123.jpg\" alt=\"HSII\" width=\"300\" height=\"123\" srcset=\"https:\/\/fmautomotive.ch\/cms\/wp-content\/uploads\/2015\/12\/HSII-300x123.jpg 300w, https:\/\/fmautomotive.ch\/cms\/wp-content\/uploads\/2015\/12\/HSII-768x315.jpg 768w, https:\/\/fmautomotive.ch\/cms\/wp-content\/uploads\/2015\/12\/HSII-1024x420.jpg 1024w, https:\/\/fmautomotive.ch\/cms\/wp-content\/uploads\/2015\/12\/HSII-100x41.jpg 100w, https:\/\/fmautomotive.ch\/cms\/wp-content\/uploads\/2015\/12\/HSII-150x61.jpg 150w, https:\/\/fmautomotive.ch\/cms\/wp-content\/uploads\/2015\/12\/HSII-200x82.jpg 200w, https:\/\/fmautomotive.ch\/cms\/wp-content\/uploads\/2015\/12\/HSII-450x184.jpg 450w, https:\/\/fmautomotive.ch\/cms\/wp-content\/uploads\/2015\/12\/HSII-600x246.jpg 600w, https:\/\/fmautomotive.ch\/cms\/wp-content\/uploads\/2015\/12\/HSII-900x369.jpg 900w\" sizes=\"auto, (max-width: 300px) 100vw, 300px\" \/><\/a><\/p>\n<h4><em>Heat shields<\/em><\/h4>\n<p><em>The heat shields are assembled for heat protection, caused by the engine or by exhaust system. The aluminum heat shields insulate the radiant heat. Heat shields including micro perforation have a sound-absorbing function.<a href=\"http:\/\/fmautomotive.ch\/cms\/wp-content\/uploads\/2015\/12\/Heat-insulation-BMW-G11-sedan.png\" rel=\"attachment wp-att-2816\"><img loading=\"lazy\" decoding=\"async\" class=\"aligncenter wp-image-2816 size-medium\" src=\"http:\/\/fmautomotive.ch\/cms\/wp-content\/uploads\/2015\/12\/Heat-insulation-BMW-G11-sedan-300x210.png\" alt=\"Heat insulation BMW G11 sedan\" width=\"300\" height=\"210\" srcset=\"https:\/\/fmautomotive.ch\/cms\/wp-content\/uploads\/2015\/12\/Heat-insulation-BMW-G11-sedan-300x210.png 300w, https:\/\/fmautomotive.ch\/cms\/wp-content\/uploads\/2015\/12\/Heat-insulation-BMW-G11-sedan-768x538.png 768w, https:\/\/fmautomotive.ch\/cms\/wp-content\/uploads\/2015\/12\/Heat-insulation-BMW-G11-sedan-1024x718.png 1024w, https:\/\/fmautomotive.ch\/cms\/wp-content\/uploads\/2015\/12\/Heat-insulation-BMW-G11-sedan-100x70.png 100w, https:\/\/fmautomotive.ch\/cms\/wp-content\/uploads\/2015\/12\/Heat-insulation-BMW-G11-sedan-150x105.png 150w, https:\/\/fmautomotive.ch\/cms\/wp-content\/uploads\/2015\/12\/Heat-insulation-BMW-G11-sedan-200x140.png 200w, https:\/\/fmautomotive.ch\/cms\/wp-content\/uploads\/2015\/12\/Heat-insulation-BMW-G11-sedan-450x315.png 450w, https:\/\/fmautomotive.ch\/cms\/wp-content\/uploads\/2015\/12\/Heat-insulation-BMW-G11-sedan-600x420.png 600w, https:\/\/fmautomotive.ch\/cms\/wp-content\/uploads\/2015\/12\/Heat-insulation-BMW-G11-sedan-900x631.png 900w, https:\/\/fmautomotive.ch\/cms\/wp-content\/uploads\/2015\/12\/Heat-insulation-BMW-G11-sedan.png 1133w\" sizes=\"auto, (max-width: 300px) 100vw, 300px\" \/><\/a><\/em><\/p>\n<h4>\u00a0<b>Unterbodenverkleidung<\/b><\/h4>\n<p>Die Unterbodenverkleidungen reduzieren den Luftwiderstand von Fahrzeugen, wodurch sich die Aerodynamik erh\u00f6ht. Ebenfalls sind diese schallabsorbierend und reduzieren die Innen- und Aussenger\u00e4usche von Fahrzeugen.<\/p>\n<p><a href=\"http:\/\/fmautomotive.ch\/cms\/wp-content\/uploads\/2015\/12\/UBV-LFA.jpg\" rel=\"attachment wp-att-2843\"><img loading=\"lazy\" decoding=\"async\" class=\"aligncenter wp-image-2843 size-medium\" src=\"http:\/\/fmautomotive.ch\/cms\/wp-content\/uploads\/2015\/12\/UBV-LFA-300x147.jpg\" alt=\"UBV-LFA\" width=\"300\" height=\"147\" srcset=\"https:\/\/fmautomotive.ch\/cms\/wp-content\/uploads\/2015\/12\/UBV-LFA-300x147.jpg 300w, https:\/\/fmautomotive.ch\/cms\/wp-content\/uploads\/2015\/12\/UBV-LFA-768x376.jpg 768w, https:\/\/fmautomotive.ch\/cms\/wp-content\/uploads\/2015\/12\/UBV-LFA-1024x502.jpg 1024w, https:\/\/fmautomotive.ch\/cms\/wp-content\/uploads\/2015\/12\/UBV-LFA-100x49.jpg 100w, https:\/\/fmautomotive.ch\/cms\/wp-content\/uploads\/2015\/12\/UBV-LFA-150x74.jpg 150w, https:\/\/fmautomotive.ch\/cms\/wp-content\/uploads\/2015\/12\/UBV-LFA-200x98.jpg 200w, https:\/\/fmautomotive.ch\/cms\/wp-content\/uploads\/2015\/12\/UBV-LFA-450x221.jpg 450w, https:\/\/fmautomotive.ch\/cms\/wp-content\/uploads\/2015\/12\/UBV-LFA-600x294.jpg 600w, https:\/\/fmautomotive.ch\/cms\/wp-content\/uploads\/2015\/12\/UBV-LFA-900x441.jpg 900w\" sizes=\"auto, (max-width: 300px) 100vw, 300px\" \/><\/a><\/p>\n<h4><em>Underfloor shields<\/em><\/h4>\n<p><em>The underfloor shields are reducing the aerodynamic resistance of vehicles. They are also sound-absorbing and reducing the interior and exterior noises of f vehicles.<\/em><\/p>\n<p><a href=\"http:\/\/fmautomotive.ch\/cms\/wp-content\/uploads\/2015\/12\/UBV_2016-11-07.png\" rel=\"attachment wp-att-2860\"><img loading=\"lazy\" decoding=\"async\" class=\"size-medium wp-image-2860 aligncenter\" src=\"http:\/\/fmautomotive.ch\/cms\/wp-content\/uploads\/2015\/12\/UBV_2016-11-07-300x194.png\" alt=\"UBV_2016-11-07\" width=\"300\" height=\"194\" srcset=\"https:\/\/fmautomotive.ch\/cms\/wp-content\/uploads\/2015\/12\/UBV_2016-11-07-300x194.png 300w, https:\/\/fmautomotive.ch\/cms\/wp-content\/uploads\/2015\/12\/UBV_2016-11-07-100x65.png 100w, https:\/\/fmautomotive.ch\/cms\/wp-content\/uploads\/2015\/12\/UBV_2016-11-07-150x97.png 150w, https:\/\/fmautomotive.ch\/cms\/wp-content\/uploads\/2015\/12\/UBV_2016-11-07-200x129.png 200w, https:\/\/fmautomotive.ch\/cms\/wp-content\/uploads\/2015\/12\/UBV_2016-11-07-450x290.png 450w, https:\/\/fmautomotive.ch\/cms\/wp-content\/uploads\/2015\/12\/UBV_2016-11-07-600x387.png 600w, https:\/\/fmautomotive.ch\/cms\/wp-content\/uploads\/2015\/12\/UBV_2016-11-07.png 767w\" sizes=\"auto, (max-width: 300px) 100vw, 300px\" \/><\/a><\/p>\n","protected":false},"excerpt":{"rendered":"<p>Interior Bodenverkleidung Die Textiloberware ist im Fahrzeuginterieur sichtbar und muss somit die \u00e4sthetischen Anforderungen der Kunden erf\u00fcllen. Je nach Fahrzeugklassen kommen sowohl Tuftingteppiche wie auch Nadelvliesteppiche zum Einsatz. Die Bodenverkleidungen reduzieren Ger\u00e4usche, welche von der Strasse oder vom Antriebsstrang her &hellip;<\/p>\n<p class=\"read-more\"> <a class=\"more-link\" href=\"https:\/\/fmautomotive.ch\/cms\/?page_id=2643\"> <span class=\"screen-reader-text\">Produkte<\/span> Weiterlesen &raquo;<\/a><\/p>\n","protected":false},"author":2,"featured_media":0,"parent":2639,"menu_order":0,"comment_status":"closed","ping_status":"closed","template":"full-width-page.php","meta":{"footnotes":""},"class_list":["post-2643","page","type-page","status-publish","hentry"],"_links":{"self":[{"href":"https:\/\/fmautomotive.ch\/cms\/index.php?rest_route=\/wp\/v2\/pages\/2643","targetHints":{"allow":["GET"]}}],"collection":[{"href":"https:\/\/fmautomotive.ch\/cms\/index.php?rest_route=\/wp\/v2\/pages"}],"about":[{"href":"https:\/\/fmautomotive.ch\/cms\/index.php?rest_route=\/wp\/v2\/types\/page"}],"author":[{"embeddable":true,"href":"https:\/\/fmautomotive.ch\/cms\/index.php?rest_route=\/wp\/v2\/users\/2"}],"replies":[{"embeddable":true,"href":"https:\/\/fmautomotive.ch\/cms\/index.php?rest_route=%2Fwp%2Fv2%2Fcomments&post=2643"}],"version-history":[{"count":29,"href":"https:\/\/fmautomotive.ch\/cms\/index.php?rest_route=\/wp\/v2\/pages\/2643\/revisions"}],"predecessor-version":[{"id":2900,"href":"https:\/\/fmautomotive.ch\/cms\/index.php?rest_route=\/wp\/v2\/pages\/2643\/revisions\/2900"}],"up":[{"embeddable":true,"href":"https:\/\/fmautomotive.ch\/cms\/index.php?rest_route=\/wp\/v2\/pages\/2639"}],"wp:attachment":[{"href":"https:\/\/fmautomotive.ch\/cms\/index.php?rest_route=%2Fwp%2Fv2%2Fmedia&parent=2643"}],"curies":[{"name":"wp","href":"https:\/\/api.w.org\/{rel}","templated":true}]}}