{"id":2641,"date":"2015-12-26T09:15:50","date_gmt":"2015-12-26T09:15:50","guid":{"rendered":"http:\/\/fmautomotive.ch\/cms\/?page_id=2641"},"modified":"2016-11-02T08:45:52","modified_gmt":"2016-11-02T08:45:52","slug":"werkzeuge","status":"publish","type":"page","link":"https:\/\/fmautomotive.ch\/cms\/?page_id=2641","title":{"rendered":"Werkzeuge"},"content":{"rendered":"<h4><b>Sch\u00e4umwerkzeuge f<\/b><b>\u00fc<\/b><b>r Bodenverkleidung<\/b><\/h4>\n<h4><em>Foaming tools for floor cover<\/em><\/h4>\n<table style=\"height: 100%;\">\n<tbody>\n<tr style=\"height: 100px;\">\n<td style=\"vertical-align: top;\">\u00a0<a href=\"http:\/\/fmautomotive.ch\/cms\/wp-content\/uploads\/2016\/02\/BV-unten-2.png\" rel=\"attachment wp-att-2720\"><img loading=\"lazy\" decoding=\"async\" class=\"size-medium wp-image-2720 alignnone\" src=\"http:\/\/fmautomotive.ch\/cms\/wp-content\/uploads\/2016\/02\/BV-unten-2-300x169.png\" alt=\"BV-unten\" width=\"300\" height=\"169\" srcset=\"https:\/\/fmautomotive.ch\/cms\/wp-content\/uploads\/2016\/02\/BV-unten-2-300x169.png 300w, https:\/\/fmautomotive.ch\/cms\/wp-content\/uploads\/2016\/02\/BV-unten-2-768x432.png 768w, https:\/\/fmautomotive.ch\/cms\/wp-content\/uploads\/2016\/02\/BV-unten-2-100x56.png 100w, https:\/\/fmautomotive.ch\/cms\/wp-content\/uploads\/2016\/02\/BV-unten-2-150x84.png 150w, https:\/\/fmautomotive.ch\/cms\/wp-content\/uploads\/2016\/02\/BV-unten-2-200x113.png 200w, https:\/\/fmautomotive.ch\/cms\/wp-content\/uploads\/2016\/02\/BV-unten-2-450x253.png 450w, https:\/\/fmautomotive.ch\/cms\/wp-content\/uploads\/2016\/02\/BV-unten-2-600x338.png 600w, https:\/\/fmautomotive.ch\/cms\/wp-content\/uploads\/2016\/02\/BV-unten-2-900x506.png 900w, https:\/\/fmautomotive.ch\/cms\/wp-content\/uploads\/2016\/02\/BV-unten-2.png 960w\" sizes=\"auto, (max-width: 300px) 100vw, 300px\" \/><\/a><\/td>\n<td style=\"vertical-align: top;\">\u00a0<a href=\"http:\/\/fmautomotive.ch\/cms\/wp-content\/uploads\/2016\/02\/BV-oben-1.png\" rel=\"attachment wp-att-2700\"><img loading=\"lazy\" decoding=\"async\" class=\"size-medium wp-image-2700 alignnone\" src=\"http:\/\/fmautomotive.ch\/cms\/wp-content\/uploads\/2016\/02\/BV-oben-1-300x170.png\" alt=\"BV-oben\" width=\"300\" height=\"170\" srcset=\"https:\/\/fmautomotive.ch\/cms\/wp-content\/uploads\/2016\/02\/BV-oben-1-300x170.png 300w, https:\/\/fmautomotive.ch\/cms\/wp-content\/uploads\/2016\/02\/BV-oben-1-768x435.png 768w, https:\/\/fmautomotive.ch\/cms\/wp-content\/uploads\/2016\/02\/BV-oben-1-100x57.png 100w, https:\/\/fmautomotive.ch\/cms\/wp-content\/uploads\/2016\/02\/BV-oben-1-150x85.png 150w, https:\/\/fmautomotive.ch\/cms\/wp-content\/uploads\/2016\/02\/BV-oben-1-200x113.png 200w, https:\/\/fmautomotive.ch\/cms\/wp-content\/uploads\/2016\/02\/BV-oben-1-450x255.png 450w, https:\/\/fmautomotive.ch\/cms\/wp-content\/uploads\/2016\/02\/BV-oben-1-600x340.png 600w, https:\/\/fmautomotive.ch\/cms\/wp-content\/uploads\/2016\/02\/BV-oben-1-900x510.png 900w, https:\/\/fmautomotive.ch\/cms\/wp-content\/uploads\/2016\/02\/BV-oben-1.png 960w\" sizes=\"auto, (max-width: 300px) 100vw, 300px\" \/><\/a><\/td>\n<td style=\"vertical-align: top;\"><a href=\"http:\/\/fmautomotive.ch\/cms\/wp-content\/uploads\/2016\/02\/BV-2-e1456657462310.png\" rel=\"attachment wp-att-2721\"><img loading=\"lazy\" decoding=\"async\" class=\"size-medium wp-image-2721 alignnone\" src=\"http:\/\/fmautomotive.ch\/cms\/wp-content\/uploads\/2016\/02\/BV-2-e1456657462310-300x191.png\" alt=\"BV\" width=\"300\" height=\"191\" srcset=\"https:\/\/fmautomotive.ch\/cms\/wp-content\/uploads\/2016\/02\/BV-2-e1456657462310-300x191.png 300w, https:\/\/fmautomotive.ch\/cms\/wp-content\/uploads\/2016\/02\/BV-2-e1456657462310-100x64.png 100w, https:\/\/fmautomotive.ch\/cms\/wp-content\/uploads\/2016\/02\/BV-2-e1456657462310-150x95.png 150w, https:\/\/fmautomotive.ch\/cms\/wp-content\/uploads\/2016\/02\/BV-2-e1456657462310-200x127.png 200w, https:\/\/fmautomotive.ch\/cms\/wp-content\/uploads\/2016\/02\/BV-2-e1456657462310-450x286.png 450w, https:\/\/fmautomotive.ch\/cms\/wp-content\/uploads\/2016\/02\/BV-2-e1456657462310-600x382.png 600w, https:\/\/fmautomotive.ch\/cms\/wp-content\/uploads\/2016\/02\/BV-2-e1456657462310.png 739w\" sizes=\"auto, (max-width: 300px) 100vw, 300px\" \/><\/a><\/td>\n<\/tr>\n<tr>\n<td style=\"vertical-align: top;\">unteres Sch\u00e4umwerkzeug<br \/>\n<em>lower foam tool<\/em><\/td>\n<td>oberes Sch\u00e4umwerkzeug<br \/>\n<em>upper foam tool<\/em><\/td>\n<td style=\"vertical-align: top;\">Schaumseite Bodenverkleidung<br \/>\n<em>floor cover foam side<\/em><\/td>\n<\/tr>\n<\/tbody>\n<\/table>\n<h4><b>Press- und Stanzwerkzeuge<\/b><b> f<\/b><b>\u00fc<\/b><b>r glasfaserverst<\/b><b>\u00e4<\/b><b>rkter <\/b><b>thermoplastischer<\/b> <b>Kunststoff<\/b><\/h4>\n<h4><em>Press- and cutting tools for glass fiber reinforced thermoplastic\u00a0<\/em><\/h4>\n<table>\n<tbody>\n<tr>\n<td style=\"vertical-align: top;\"><a href=\"http:\/\/fmautomotive.ch\/cms\/wp-content\/uploads\/2016\/02\/UBV-press-1.png\" rel=\"attachment wp-att-2712\"><img loading=\"lazy\" decoding=\"async\" class=\"alignnone size-medium wp-image-2712\" src=\"http:\/\/fmautomotive.ch\/cms\/wp-content\/uploads\/2016\/02\/UBV-press-1-300x169.png\" alt=\"UBV-press\" width=\"300\" height=\"169\" srcset=\"https:\/\/fmautomotive.ch\/cms\/wp-content\/uploads\/2016\/02\/UBV-press-1-300x169.png 300w, https:\/\/fmautomotive.ch\/cms\/wp-content\/uploads\/2016\/02\/UBV-press-1-768x432.png 768w, https:\/\/fmautomotive.ch\/cms\/wp-content\/uploads\/2016\/02\/UBV-press-1-100x56.png 100w, https:\/\/fmautomotive.ch\/cms\/wp-content\/uploads\/2016\/02\/UBV-press-1-150x84.png 150w, https:\/\/fmautomotive.ch\/cms\/wp-content\/uploads\/2016\/02\/UBV-press-1-200x113.png 200w, https:\/\/fmautomotive.ch\/cms\/wp-content\/uploads\/2016\/02\/UBV-press-1-450x253.png 450w, https:\/\/fmautomotive.ch\/cms\/wp-content\/uploads\/2016\/02\/UBV-press-1-600x338.png 600w, https:\/\/fmautomotive.ch\/cms\/wp-content\/uploads\/2016\/02\/UBV-press-1-900x506.png 900w, https:\/\/fmautomotive.ch\/cms\/wp-content\/uploads\/2016\/02\/UBV-press-1.png 960w\" sizes=\"auto, (max-width: 300px) 100vw, 300px\" \/><\/a><\/td>\n<td style=\"vertical-align: top;\">\u00a0<a href=\"http:\/\/fmautomotive.ch\/cms\/wp-content\/uploads\/2016\/02\/UBV-stanz-1.png\" rel=\"attachment wp-att-2713\"><img loading=\"lazy\" decoding=\"async\" class=\"alignnone size-medium wp-image-2713\" src=\"http:\/\/fmautomotive.ch\/cms\/wp-content\/uploads\/2016\/02\/UBV-stanz-1-300x169.png\" alt=\"UBV-stanz\" width=\"300\" height=\"169\" srcset=\"https:\/\/fmautomotive.ch\/cms\/wp-content\/uploads\/2016\/02\/UBV-stanz-1-300x169.png 300w, https:\/\/fmautomotive.ch\/cms\/wp-content\/uploads\/2016\/02\/UBV-stanz-1-768x432.png 768w, https:\/\/fmautomotive.ch\/cms\/wp-content\/uploads\/2016\/02\/UBV-stanz-1-100x56.png 100w, https:\/\/fmautomotive.ch\/cms\/wp-content\/uploads\/2016\/02\/UBV-stanz-1-150x84.png 150w, https:\/\/fmautomotive.ch\/cms\/wp-content\/uploads\/2016\/02\/UBV-stanz-1-200x113.png 200w, https:\/\/fmautomotive.ch\/cms\/wp-content\/uploads\/2016\/02\/UBV-stanz-1-450x253.png 450w, https:\/\/fmautomotive.ch\/cms\/wp-content\/uploads\/2016\/02\/UBV-stanz-1-600x338.png 600w, https:\/\/fmautomotive.ch\/cms\/wp-content\/uploads\/2016\/02\/UBV-stanz-1-900x506.png 900w, https:\/\/fmautomotive.ch\/cms\/wp-content\/uploads\/2016\/02\/UBV-stanz-1.png 960w\" sizes=\"auto, (max-width: 300px) 100vw, 300px\" \/><\/a><\/td>\n<td style=\"vertical-align: top;\"><a href=\"http:\/\/fmautomotive.ch\/cms\/wp-content\/uploads\/2016\/02\/UBV.png\" rel=\"attachment wp-att-2696\"><img loading=\"lazy\" decoding=\"async\" class=\"size-medium wp-image-2696 alignnone\" src=\"http:\/\/fmautomotive.ch\/cms\/wp-content\/uploads\/2016\/02\/UBV-300x169.png\" alt=\"UBV\" width=\"300\" height=\"169\" srcset=\"https:\/\/fmautomotive.ch\/cms\/wp-content\/uploads\/2016\/02\/UBV-300x169.png 300w, https:\/\/fmautomotive.ch\/cms\/wp-content\/uploads\/2016\/02\/UBV-768x432.png 768w, https:\/\/fmautomotive.ch\/cms\/wp-content\/uploads\/2016\/02\/UBV-100x56.png 100w, https:\/\/fmautomotive.ch\/cms\/wp-content\/uploads\/2016\/02\/UBV-150x84.png 150w, https:\/\/fmautomotive.ch\/cms\/wp-content\/uploads\/2016\/02\/UBV-200x113.png 200w, https:\/\/fmautomotive.ch\/cms\/wp-content\/uploads\/2016\/02\/UBV-450x253.png 450w, https:\/\/fmautomotive.ch\/cms\/wp-content\/uploads\/2016\/02\/UBV-600x338.png 600w, https:\/\/fmautomotive.ch\/cms\/wp-content\/uploads\/2016\/02\/UBV-900x506.png 900w, https:\/\/fmautomotive.ch\/cms\/wp-content\/uploads\/2016\/02\/UBV.png 960w\" sizes=\"auto, (max-width: 300px) 100vw, 300px\" \/><\/a><\/td>\n<\/tr>\n<tr>\n<td style=\"vertical-align: top;\">Presswerkzeug mit Tauchkanten<br \/>\n<em>press tool with shearing edges<\/em><\/td>\n<td style=\"vertical-align: top;\">unteres Stanzwerkzeug<br \/>\n<em>lower cutting tool<\/em><\/td>\n<td style=\"vertical-align: top;\">Ersatzradmulde aus glasfaserverst\u00e4ktem thermoplastischem Kunststoff<br \/>\n<em>spare wheel pan (glass fiber reinforced thermoplastic )<\/em><\/td>\n<\/tr>\n<\/tbody>\n<\/table>\n<h4><b>Umformwerkzeuge f<\/b><b>\u00fc<\/b><b>r<\/b><b> Hitzeschilder<\/b><\/h4>\n<h4><em>Forming tools for heat shield<\/em><\/h4>\n<table>\n<tbody>\n<tr>\n<td style=\"vertical-align: top;\">\u00a0<a href=\"http:\/\/fmautomotive.ch\/cms\/wp-content\/uploads\/2016\/02\/HS-OP01-05-1-e1456657255169.png\" rel=\"attachment wp-att-2707\"><img loading=\"lazy\" decoding=\"async\" class=\"alignnone size-medium wp-image-2707\" src=\"http:\/\/fmautomotive.ch\/cms\/wp-content\/uploads\/2016\/02\/HS-OP01-05-1-e1456657255169-300x260.png\" alt=\"HS OP01-05\" width=\"300\" height=\"260\" srcset=\"https:\/\/fmautomotive.ch\/cms\/wp-content\/uploads\/2016\/02\/HS-OP01-05-1-e1456657255169-300x260.png 300w, https:\/\/fmautomotive.ch\/cms\/wp-content\/uploads\/2016\/02\/HS-OP01-05-1-e1456657255169-100x87.png 100w, https:\/\/fmautomotive.ch\/cms\/wp-content\/uploads\/2016\/02\/HS-OP01-05-1-e1456657255169-150x130.png 150w, https:\/\/fmautomotive.ch\/cms\/wp-content\/uploads\/2016\/02\/HS-OP01-05-1-e1456657255169-200x173.png 200w, https:\/\/fmautomotive.ch\/cms\/wp-content\/uploads\/2016\/02\/HS-OP01-05-1-e1456657255169-450x389.png 450w, https:\/\/fmautomotive.ch\/cms\/wp-content\/uploads\/2016\/02\/HS-OP01-05-1-e1456657255169-600x519.png 600w, https:\/\/fmautomotive.ch\/cms\/wp-content\/uploads\/2016\/02\/HS-OP01-05-1-e1456657255169.png 623w\" sizes=\"auto, (max-width: 300px) 100vw, 300px\" \/><\/a><\/td>\n<td style=\"vertical-align: top;\"><a href=\"http:\/\/fmautomotive.ch\/cms\/wp-content\/uploads\/2016\/02\/HS-OP01-05-e1456657304426.png\" rel=\"attachment wp-att-2691\"><img loading=\"lazy\" decoding=\"async\" class=\"alignnone size-medium wp-image-2691\" src=\"http:\/\/fmautomotive.ch\/cms\/wp-content\/uploads\/2016\/02\/HS-OP01-05-e1456657304426-300x253.png\" alt=\"HS OP01-05\" width=\"300\" height=\"253\" srcset=\"https:\/\/fmautomotive.ch\/cms\/wp-content\/uploads\/2016\/02\/HS-OP01-05-e1456657304426-300x253.png 300w, https:\/\/fmautomotive.ch\/cms\/wp-content\/uploads\/2016\/02\/HS-OP01-05-e1456657304426-100x84.png 100w, https:\/\/fmautomotive.ch\/cms\/wp-content\/uploads\/2016\/02\/HS-OP01-05-e1456657304426-150x126.png 150w, https:\/\/fmautomotive.ch\/cms\/wp-content\/uploads\/2016\/02\/HS-OP01-05-e1456657304426-200x169.png 200w, https:\/\/fmautomotive.ch\/cms\/wp-content\/uploads\/2016\/02\/HS-OP01-05-e1456657304426-450x379.png 450w, https:\/\/fmautomotive.ch\/cms\/wp-content\/uploads\/2016\/02\/HS-OP01-05-e1456657304426-600x506.png 600w, https:\/\/fmautomotive.ch\/cms\/wp-content\/uploads\/2016\/02\/HS-OP01-05-e1456657304426.png 636w\" sizes=\"auto, (max-width: 300px) 100vw, 300px\" \/><\/a><\/td>\n<td style=\"vertical-align: top;\"><\/td>\n<\/tr>\n<tr>\n<td style=\"vertical-align: top;\">oberes Umformwerkzeug I<br \/>\n<em>upper forming tool I<\/em><\/td>\n<td style=\"vertical-align: top;\">oberes Umformwerkzeug II<br \/>\n<em>upper forming tool II<\/em><\/td>\n<td style=\"vertical-align: top;\"><\/td>\n<\/tr>\n<tr>\n<td style=\"vertical-align: top;\">\u00a0<a href=\"http:\/\/fmautomotive.ch\/cms\/wp-content\/uploads\/2016\/02\/HS-unten-OP01-05-1-e1456657052942.png\" rel=\"attachment wp-att-2708\"><img loading=\"lazy\" decoding=\"async\" class=\"alignnone size-medium wp-image-2708\" src=\"http:\/\/fmautomotive.ch\/cms\/wp-content\/uploads\/2016\/02\/HS-unten-OP01-05-1-e1456657052942-300x243.png\" alt=\"HS unten OP01-05\" width=\"300\" height=\"243\" srcset=\"https:\/\/fmautomotive.ch\/cms\/wp-content\/uploads\/2016\/02\/HS-unten-OP01-05-1-e1456657052942-300x243.png 300w, https:\/\/fmautomotive.ch\/cms\/wp-content\/uploads\/2016\/02\/HS-unten-OP01-05-1-e1456657052942-100x81.png 100w, https:\/\/fmautomotive.ch\/cms\/wp-content\/uploads\/2016\/02\/HS-unten-OP01-05-1-e1456657052942-150x122.png 150w, https:\/\/fmautomotive.ch\/cms\/wp-content\/uploads\/2016\/02\/HS-unten-OP01-05-1-e1456657052942-200x162.png 200w, https:\/\/fmautomotive.ch\/cms\/wp-content\/uploads\/2016\/02\/HS-unten-OP01-05-1-e1456657052942-450x365.png 450w, https:\/\/fmautomotive.ch\/cms\/wp-content\/uploads\/2016\/02\/HS-unten-OP01-05-1-e1456657052942-600x486.png 600w, https:\/\/fmautomotive.ch\/cms\/wp-content\/uploads\/2016\/02\/HS-unten-OP01-05-1-e1456657052942.png 665w\" sizes=\"auto, (max-width: 300px) 100vw, 300px\" \/><\/a><\/td>\n<td style=\"vertical-align: top;\"><a href=\"http:\/\/fmautomotive.ch\/cms\/wp-content\/uploads\/2016\/02\/HS-unten-OP01-05-e1456657090133.png\" rel=\"attachment wp-att-2692\"><img loading=\"lazy\" decoding=\"async\" class=\"alignnone size-medium wp-image-2692\" src=\"http:\/\/fmautomotive.ch\/cms\/wp-content\/uploads\/2016\/02\/HS-unten-OP01-05-e1456657090133-300x233.png\" alt=\"HS unten OP01-05\" width=\"300\" height=\"233\" srcset=\"https:\/\/fmautomotive.ch\/cms\/wp-content\/uploads\/2016\/02\/HS-unten-OP01-05-e1456657090133-300x233.png 300w, https:\/\/fmautomotive.ch\/cms\/wp-content\/uploads\/2016\/02\/HS-unten-OP01-05-e1456657090133-100x78.png 100w, https:\/\/fmautomotive.ch\/cms\/wp-content\/uploads\/2016\/02\/HS-unten-OP01-05-e1456657090133-150x116.png 150w, https:\/\/fmautomotive.ch\/cms\/wp-content\/uploads\/2016\/02\/HS-unten-OP01-05-e1456657090133-200x155.png 200w, https:\/\/fmautomotive.ch\/cms\/wp-content\/uploads\/2016\/02\/HS-unten-OP01-05-e1456657090133-450x349.png 450w, https:\/\/fmautomotive.ch\/cms\/wp-content\/uploads\/2016\/02\/HS-unten-OP01-05-e1456657090133-600x465.png 600w, https:\/\/fmautomotive.ch\/cms\/wp-content\/uploads\/2016\/02\/HS-unten-OP01-05-e1456657090133.png 695w\" sizes=\"auto, (max-width: 300px) 100vw, 300px\" \/><\/a><\/td>\n<td style=\"vertical-align: top;\">\u00a0<a href=\"http:\/\/fmautomotive.ch\/cms\/wp-content\/uploads\/2016\/02\/Hitzeschild.png\" rel=\"attachment wp-att-2690\"><img loading=\"lazy\" decoding=\"async\" class=\"alignnone size-medium wp-image-2690\" src=\"http:\/\/fmautomotive.ch\/cms\/wp-content\/uploads\/2016\/02\/Hitzeschild-300x169.png\" alt=\"Hitzeschild\" width=\"300\" height=\"169\" srcset=\"https:\/\/fmautomotive.ch\/cms\/wp-content\/uploads\/2016\/02\/Hitzeschild-300x169.png 300w, https:\/\/fmautomotive.ch\/cms\/wp-content\/uploads\/2016\/02\/Hitzeschild-768x432.png 768w, https:\/\/fmautomotive.ch\/cms\/wp-content\/uploads\/2016\/02\/Hitzeschild-100x56.png 100w, https:\/\/fmautomotive.ch\/cms\/wp-content\/uploads\/2016\/02\/Hitzeschild-150x84.png 150w, https:\/\/fmautomotive.ch\/cms\/wp-content\/uploads\/2016\/02\/Hitzeschild-200x113.png 200w, https:\/\/fmautomotive.ch\/cms\/wp-content\/uploads\/2016\/02\/Hitzeschild-450x253.png 450w, https:\/\/fmautomotive.ch\/cms\/wp-content\/uploads\/2016\/02\/Hitzeschild-600x338.png 600w, https:\/\/fmautomotive.ch\/cms\/wp-content\/uploads\/2016\/02\/Hitzeschild-900x506.png 900w, https:\/\/fmautomotive.ch\/cms\/wp-content\/uploads\/2016\/02\/Hitzeschild.png 960w\" sizes=\"auto, (max-width: 300px) 100vw, 300px\" \/><\/a><\/td>\n<\/tr>\n<tr>\n<td style=\"vertical-align: top;\">unteres Umformwerkzeug I<br \/>\n<em>lower forming tool I<\/em><\/td>\n<td style=\"vertical-align: top;\">unteres Umformwerkzeug II<br \/>\n<em>lower forming tool II<\/em><\/td>\n<td style=\"vertical-align: top;\">Hitzeschild aus Aluminium<br \/>\n<em>heat shield in aluminium<\/em><\/td>\n<\/tr>\n<\/tbody>\n<\/table>\n<h4><b>Folgeverbundwerkzeug f<\/b><b>\u00fc<\/b><b>r Blechteile<\/b><\/h4>\n<h4><em>Progressive die for sheet metal parts<\/em><\/h4>\n<table>\n<tbody>\n<tr>\n<td style=\"vertical-align: top;\">\u00a0<a href=\"http:\/\/fmautomotive.ch\/cms\/wp-content\/uploads\/2016\/02\/Folgeverbund-e1456656959483.png\" rel=\"attachment wp-att-2689\"><img loading=\"lazy\" decoding=\"async\" class=\"alignnone size-medium wp-image-2689\" src=\"http:\/\/fmautomotive.ch\/cms\/wp-content\/uploads\/2016\/02\/Folgeverbund-e1456656959483-300x279.png\" alt=\"Folgeverbund\" width=\"300\" height=\"279\" srcset=\"https:\/\/fmautomotive.ch\/cms\/wp-content\/uploads\/2016\/02\/Folgeverbund-e1456656959483-300x279.png 300w, https:\/\/fmautomotive.ch\/cms\/wp-content\/uploads\/2016\/02\/Folgeverbund-e1456656959483-768x713.png 768w, https:\/\/fmautomotive.ch\/cms\/wp-content\/uploads\/2016\/02\/Folgeverbund-e1456656959483-100x93.png 100w, https:\/\/fmautomotive.ch\/cms\/wp-content\/uploads\/2016\/02\/Folgeverbund-e1456656959483-150x139.png 150w, https:\/\/fmautomotive.ch\/cms\/wp-content\/uploads\/2016\/02\/Folgeverbund-e1456656959483-200x186.png 200w, https:\/\/fmautomotive.ch\/cms\/wp-content\/uploads\/2016\/02\/Folgeverbund-e1456656959483-450x418.png 450w, https:\/\/fmautomotive.ch\/cms\/wp-content\/uploads\/2016\/02\/Folgeverbund-e1456656959483-600x557.png 600w, https:\/\/fmautomotive.ch\/cms\/wp-content\/uploads\/2016\/02\/Folgeverbund-e1456656959483-900x836.png 900w, https:\/\/fmautomotive.ch\/cms\/wp-content\/uploads\/2016\/02\/Folgeverbund-e1456656959483.png 992w\" sizes=\"auto, (max-width: 300px) 100vw, 300px\" \/><\/a><\/td>\n<td style=\"vertical-align: top;\"><a href=\"http:\/\/fmautomotive.ch\/cms\/wp-content\/uploads\/2016\/02\/Folgeverbund-1-e1456656999198.png\" rel=\"attachment wp-att-2704\"><span style=\"color: #333333;\"><img loading=\"lazy\" decoding=\"async\" class=\"alignnone size-medium wp-image-2704\" src=\"http:\/\/fmautomotive.ch\/cms\/wp-content\/uploads\/2016\/02\/Folgeverbund-1-e1456656999198-300x276.png\" alt=\"Folgeverbund\" width=\"300\" height=\"276\" srcset=\"https:\/\/fmautomotive.ch\/cms\/wp-content\/uploads\/2016\/02\/Folgeverbund-1-e1456656999198-300x276.png 300w, https:\/\/fmautomotive.ch\/cms\/wp-content\/uploads\/2016\/02\/Folgeverbund-1-e1456656999198-768x706.png 768w, https:\/\/fmautomotive.ch\/cms\/wp-content\/uploads\/2016\/02\/Folgeverbund-1-e1456656999198-100x92.png 100w, https:\/\/fmautomotive.ch\/cms\/wp-content\/uploads\/2016\/02\/Folgeverbund-1-e1456656999198-150x138.png 150w, https:\/\/fmautomotive.ch\/cms\/wp-content\/uploads\/2016\/02\/Folgeverbund-1-e1456656999198-200x184.png 200w, https:\/\/fmautomotive.ch\/cms\/wp-content\/uploads\/2016\/02\/Folgeverbund-1-e1456656999198-450x414.png 450w, https:\/\/fmautomotive.ch\/cms\/wp-content\/uploads\/2016\/02\/Folgeverbund-1-e1456656999198-600x551.png 600w, https:\/\/fmautomotive.ch\/cms\/wp-content\/uploads\/2016\/02\/Folgeverbund-1-e1456656999198-900x827.png 900w, https:\/\/fmautomotive.ch\/cms\/wp-content\/uploads\/2016\/02\/Folgeverbund-1-e1456656999198.png 1002w\" sizes=\"auto, (max-width: 300px) 100vw, 300px\" \/><\/span><\/a><\/td>\n<td style=\"vertical-align: top;\">\u00a0<a href=\"http:\/\/fmautomotive.ch\/cms\/wp-content\/uploads\/2016\/02\/Blechteil-2.png\" rel=\"attachment wp-att-2717\"><img loading=\"lazy\" decoding=\"async\" class=\"alignnone size-medium wp-image-2717\" src=\"http:\/\/fmautomotive.ch\/cms\/wp-content\/uploads\/2016\/02\/Blechteil-2-300x169.png\" alt=\"Blechteil\" width=\"300\" height=\"169\" srcset=\"https:\/\/fmautomotive.ch\/cms\/wp-content\/uploads\/2016\/02\/Blechteil-2-300x169.png 300w, https:\/\/fmautomotive.ch\/cms\/wp-content\/uploads\/2016\/02\/Blechteil-2-768x432.png 768w, https:\/\/fmautomotive.ch\/cms\/wp-content\/uploads\/2016\/02\/Blechteil-2-100x56.png 100w, https:\/\/fmautomotive.ch\/cms\/wp-content\/uploads\/2016\/02\/Blechteil-2-150x84.png 150w, https:\/\/fmautomotive.ch\/cms\/wp-content\/uploads\/2016\/02\/Blechteil-2-200x113.png 200w, https:\/\/fmautomotive.ch\/cms\/wp-content\/uploads\/2016\/02\/Blechteil-2-450x253.png 450w, https:\/\/fmautomotive.ch\/cms\/wp-content\/uploads\/2016\/02\/Blechteil-2-600x338.png 600w, https:\/\/fmautomotive.ch\/cms\/wp-content\/uploads\/2016\/02\/Blechteil-2-900x506.png 900w, https:\/\/fmautomotive.ch\/cms\/wp-content\/uploads\/2016\/02\/Blechteil-2.png 960w\" sizes=\"auto, (max-width: 300px) 100vw, 300px\" \/><\/a><\/td>\n<\/tr>\n<tr>\n<td style=\"vertical-align: top;\">unteres Folgeverbundwerkzeug<br \/>\n<em>lower progressive die<\/em><\/td>\n<td style=\"vertical-align: top;\">oberes Folgeverbundwerkzeug<br \/>\n<em>upper progressive die<\/em><\/td>\n<td style=\"vertical-align: top;\">Blechteil f\u00fcr Bodengruppe<br \/>\n<em>sheet metal part for platform<\/em><\/td>\n<\/tr>\n<\/tbody>\n<\/table>\n","protected":false},"excerpt":{"rendered":"<p>Sch\u00e4umwerkzeuge f\u00fcr Bodenverkleidung Foaming tools for floor cover \u00a0 \u00a0 unteres Sch\u00e4umwerkzeug lower foam tool oberes Sch\u00e4umwerkzeug upper foam tool Schaumseite Bodenverkleidung floor cover foam side Press- und Stanzwerkzeuge f\u00fcr glasfaserverst\u00e4rkter thermoplastischer Kunststoff Press- and cutting tools for glass fiber &hellip;<\/p>\n<p class=\"read-more\"> <a class=\"more-link\" href=\"https:\/\/fmautomotive.ch\/cms\/?page_id=2641\"> <span class=\"screen-reader-text\">Werkzeuge<\/span> Weiterlesen &raquo;<\/a><\/p>\n","protected":false},"author":2,"featured_media":0,"parent":2639,"menu_order":0,"comment_status":"closed","ping_status":"closed","template":"full-width-page.php","meta":{"footnotes":""},"class_list":["post-2641","page","type-page","status-publish","hentry"],"_links":{"self":[{"href":"https:\/\/fmautomotive.ch\/cms\/index.php?rest_route=\/wp\/v2\/pages\/2641","targetHints":{"allow":["GET"]}}],"collection":[{"href":"https:\/\/fmautomotive.ch\/cms\/index.php?rest_route=\/wp\/v2\/pages"}],"about":[{"href":"https:\/\/fmautomotive.ch\/cms\/index.php?rest_route=\/wp\/v2\/types\/page"}],"author":[{"embeddable":true,"href":"https:\/\/fmautomotive.ch\/cms\/index.php?rest_route=\/wp\/v2\/users\/2"}],"replies":[{"embeddable":true,"href":"https:\/\/fmautomotive.ch\/cms\/index.php?rest_route=%2Fwp%2Fv2%2Fcomments&post=2641"}],"version-history":[{"count":29,"href":"https:\/\/fmautomotive.ch\/cms\/index.php?rest_route=\/wp\/v2\/pages\/2641\/revisions"}],"predecessor-version":[{"id":2840,"href":"https:\/\/fmautomotive.ch\/cms\/index.php?rest_route=\/wp\/v2\/pages\/2641\/revisions\/2840"}],"up":[{"embeddable":true,"href":"https:\/\/fmautomotive.ch\/cms\/index.php?rest_route=\/wp\/v2\/pages\/2639"}],"wp:attachment":[{"href":"https:\/\/fmautomotive.ch\/cms\/index.php?rest_route=%2Fwp%2Fv2%2Fmedia&parent=2641"}],"curies":[{"name":"wp","href":"https:\/\/api.w.org\/{rel}","templated":true}]}}