{"id":2637,"date":"2015-12-26T09:11:16","date_gmt":"2015-12-26T09:11:16","guid":{"rendered":"http:\/\/fmautomotive.ch\/cms\/?page_id=2637"},"modified":"2025-04-24T11:57:53","modified_gmt":"2025-04-24T11:57:53","slug":"dienstleistungen","status":"publish","type":"page","link":"https:\/\/fmautomotive.ch\/cms\/?page_id=2637","title":{"rendered":"Dienstleistungen"},"content":{"rendered":"<p><strong>Projekt \/ Program Management<\/strong><\/p>\n<ul>\n<li>Erarbeiten technischer Probleml\u00f6sungen im engen Kontakt mit dem Kunden<\/li>\n<li>Projektkoordinierung von der Entwicklung bis zur Serienreife<\/li>\n<li>Technische, terminliche und finanzielle Zielerreichung<\/li>\n<li>Fachliche F\u00fchrung globaler Projektteams<\/li>\n<\/ul>\n<p><strong>Teileentwicklung<\/strong><\/p>\n<ul>\n<li>Entwickeln der 3D Teiledaten in Zusammenarbeit mit lokalen Konstruktionsb\u00fcros gem\u00e4ss Vorgaben von Automobilzulieferern und Automobilherstellern<\/li>\n<li>Teilnahme an Produktentwicklungsrunden beim Automobilhersteller (Design, Bauraum, FMK)<\/li>\n<\/ul>\n<p><strong>Teileabsicherung<\/strong><\/p>\n<ul>\n<li>Erstellung bauteilspezifischer Pr\u00fcfpl\u00e4ne<\/li>\n<li>Planung und \u00dcberwachung der Freigabeverfahren von Teilen nach Kundenvorgaben<\/li>\n<li>Koordinieren der Bauteilpr\u00fcfungen bei Pr\u00fcfinstituten<\/li>\n<\/ul>\n<p><a href=\"http:\/\/fmautomotive.ch\/cms\/wp-content\/uploads\/2016\/02\/Dienstleistung-project-timing-1.png\" rel=\"attachment wp-att-2703\"><img loading=\"lazy\" decoding=\"async\" class=\"alignnone size-full wp-image-2703\" src=\"http:\/\/fmautomotive.ch\/cms\/wp-content\/uploads\/2016\/02\/Dienstleistung-project-timing-1.png\" alt=\"Dienstleistung project timing\" width=\"1501\" height=\"1059\" srcset=\"https:\/\/fmautomotive.ch\/cms\/wp-content\/uploads\/2016\/02\/Dienstleistung-project-timing-1.png 1501w, https:\/\/fmautomotive.ch\/cms\/wp-content\/uploads\/2016\/02\/Dienstleistung-project-timing-1-300x212.png 300w, https:\/\/fmautomotive.ch\/cms\/wp-content\/uploads\/2016\/02\/Dienstleistung-project-timing-1-768x542.png 768w, https:\/\/fmautomotive.ch\/cms\/wp-content\/uploads\/2016\/02\/Dienstleistung-project-timing-1-1024x722.png 1024w, https:\/\/fmautomotive.ch\/cms\/wp-content\/uploads\/2016\/02\/Dienstleistung-project-timing-1-100x71.png 100w, https:\/\/fmautomotive.ch\/cms\/wp-content\/uploads\/2016\/02\/Dienstleistung-project-timing-1-150x106.png 150w, https:\/\/fmautomotive.ch\/cms\/wp-content\/uploads\/2016\/02\/Dienstleistung-project-timing-1-200x141.png 200w, https:\/\/fmautomotive.ch\/cms\/wp-content\/uploads\/2016\/02\/Dienstleistung-project-timing-1-450x317.png 450w, https:\/\/fmautomotive.ch\/cms\/wp-content\/uploads\/2016\/02\/Dienstleistung-project-timing-1-600x423.png 600w, https:\/\/fmautomotive.ch\/cms\/wp-content\/uploads\/2016\/02\/Dienstleistung-project-timing-1-900x635.png 900w\" sizes=\"auto, (max-width: 1501px) 100vw, 1501px\" \/><\/a><\/p>\n<h1><em><strong>Services<\/strong><\/em><\/h1>\n<p><em><strong>Project \/ Program Management<\/strong><\/em><\/p>\n<ul>\n<li><em>Develop technical problem solving in close contact with the OEM<\/em><\/li>\n<li><em>Project coordination from prototype till series-production readiness<\/em><\/li>\n<li><em>Technical, timing and financial target achievement<\/em><\/li>\n<li><em>Manage global project teams<\/em><\/li>\n<\/ul>\n<p><em><strong>Part development<\/strong><\/em><\/p>\n<ul>\n<li><em>Develop in cooperation with local CAD offices the 3D part data according the guidelines from automotive supplier and OEM<\/em><\/li>\n<li><em>Participate at product engineering meetings at OEM (Design, construction space, FMK)<\/em><\/li>\n<\/ul>\n<p><em><strong>Part validation<\/strong><\/em><\/p>\n<ul>\n<li><em>Create of part specific test plan<\/em><\/li>\n<li><em>Plan and track of release process of parts according customer input<\/em><\/li>\n<li><em>Coordination of part testing at test institutes<\/em><\/li>\n<\/ul>\n","protected":false},"excerpt":{"rendered":"<p>Projekt \/ Program Management Erarbeiten technischer Probleml\u00f6sungen im engen Kontakt mit dem Kunden Projektkoordinierung von der Entwicklung bis zur Serienreife Technische, terminliche und finanzielle Zielerreichung Fachliche F\u00fchrung globaler Projektteams Teileentwicklung Entwickeln der 3D Teiledaten in Zusammenarbeit mit lokalen Konstruktionsb\u00fcros gem\u00e4ss &hellip;<\/p>\n<p class=\"read-more\"> <a class=\"more-link\" href=\"https:\/\/fmautomotive.ch\/cms\/?page_id=2637\"> <span class=\"screen-reader-text\">Dienstleistungen<\/span> Weiterlesen &raquo;<\/a><\/p>\n","protected":false},"author":2,"featured_media":0,"parent":0,"menu_order":2,"comment_status":"closed","ping_status":"closed","template":"full-width-page.php","meta":{"footnotes":""},"class_list":["post-2637","page","type-page","status-publish","hentry"],"_links":{"self":[{"href":"https:\/\/fmautomotive.ch\/cms\/index.php?rest_route=\/wp\/v2\/pages\/2637","targetHints":{"allow":["GET"]}}],"collection":[{"href":"https:\/\/fmautomotive.ch\/cms\/index.php?rest_route=\/wp\/v2\/pages"}],"about":[{"href":"https:\/\/fmautomotive.ch\/cms\/index.php?rest_route=\/wp\/v2\/types\/page"}],"author":[{"embeddable":true,"href":"https:\/\/fmautomotive.ch\/cms\/index.php?rest_route=\/wp\/v2\/users\/2"}],"replies":[{"embeddable":true,"href":"https:\/\/fmautomotive.ch\/cms\/index.php?rest_route=%2Fwp%2Fv2%2Fcomments&post=2637"}],"version-history":[{"count":14,"href":"https:\/\/fmautomotive.ch\/cms\/index.php?rest_route=\/wp\/v2\/pages\/2637\/revisions"}],"predecessor-version":[{"id":2838,"href":"https:\/\/fmautomotive.ch\/cms\/index.php?rest_route=\/wp\/v2\/pages\/2637\/revisions\/2838"}],"wp:attachment":[{"href":"https:\/\/fmautomotive.ch\/cms\/index.php?rest_route=%2Fwp%2Fv2%2Fmedia&parent=2637"}],"curies":[{"name":"wp","href":"https:\/\/api.w.org\/{rel}","templated":true}]}}