{"id":2635,"date":"2015-12-26T09:10:01","date_gmt":"2015-12-26T09:10:01","guid":{"rendered":"http:\/\/fmautomotive.ch\/cms\/?page_id=2635"},"modified":"2025-04-24T11:57:03","modified_gmt":"2025-04-24T11:57:03","slug":"unternehmen","status":"publish","type":"page","link":"https:\/\/fmautomotive.ch\/cms\/?page_id=2635","title":{"rendered":"Unternehmen"},"content":{"rendered":"<p>FM Automotive ist ein Entwicklungsdienstleister, der sich auf globales Projektmanagement in der Automobilbranche spezialisiert hat. Mit langj\u00e4hriger Erfahrung in der Entwicklung und Leitung von Projekten bei Automobilherstellern agiert FM Automotive als Schnittstelle zwischen Automobilherstellern und Automobilzulieferern. Stellvertretend wird an Projekt- und Konstruktionsmeetings teilgenommen und in Zusammenarbeit mit lokalen Konstruktionsb\u00fcros die 3D-Teiledaten gem\u00e4\u00df den Vorgaben von Automobilzulieferern und Automobilherstellern entwickelt.<\/p>\n<p><a href=\"http:\/\/fmautomotive.ch\/cms\/wp-content\/uploads\/2015\/12\/IMG_0688.jpg\" rel=\"attachment wp-att-2850\"><img loading=\"lazy\" decoding=\"async\" class=\"aligncenter wp-image-2850\" src=\"http:\/\/fmautomotive.ch\/cms\/wp-content\/uploads\/2015\/12\/IMG_0688-1024x346.jpg\" alt=\"IMG_0688\" width=\"470\" height=\"159\" srcset=\"https:\/\/fmautomotive.ch\/cms\/wp-content\/uploads\/2015\/12\/IMG_0688-1024x346.jpg 1024w, https:\/\/fmautomotive.ch\/cms\/wp-content\/uploads\/2015\/12\/IMG_0688-300x101.jpg 300w, https:\/\/fmautomotive.ch\/cms\/wp-content\/uploads\/2015\/12\/IMG_0688-768x259.jpg 768w, https:\/\/fmautomotive.ch\/cms\/wp-content\/uploads\/2015\/12\/IMG_0688-100x34.jpg 100w, https:\/\/fmautomotive.ch\/cms\/wp-content\/uploads\/2015\/12\/IMG_0688-150x51.jpg 150w, https:\/\/fmautomotive.ch\/cms\/wp-content\/uploads\/2015\/12\/IMG_0688-200x68.jpg 200w, https:\/\/fmautomotive.ch\/cms\/wp-content\/uploads\/2015\/12\/IMG_0688-450x152.jpg 450w, https:\/\/fmautomotive.ch\/cms\/wp-content\/uploads\/2015\/12\/IMG_0688-600x203.jpg 600w, https:\/\/fmautomotive.ch\/cms\/wp-content\/uploads\/2015\/12\/IMG_0688-900x304.jpg 900w, https:\/\/fmautomotive.ch\/cms\/wp-content\/uploads\/2015\/12\/IMG_0688.jpg 1152w\" sizes=\"auto, (max-width: 470px) 100vw, 470px\" \/><\/a><\/p>\n<h1><em>Enterprise<\/em><\/h1>\n<p><em>FM Automotive is a development service provider\u00a0specializing in global project management in the automotive industry. With many years of experience in the development and management of projects for automotive manufacturers, FM Automotive acts as an interface between automotive manufacturers and suppliers. Representatives participate in project and design meetings and, in collaboration with local design offices, develop 3D part data according to the specifications of automotive suppliers and manufacturers.<\/em><\/p>\n<p style=\"margin: 0in; font-family: Calibri; font-size: 16.0pt; color: #555555;\">\u00a0<\/p>\n\n\n<p><\/p>\n","protected":false},"excerpt":{"rendered":"<p>FM Automotive ist ein Entwicklungsdienstleister, der sich auf globales Projektmanagement in der Automobilbranche spezialisiert hat. Mit langj\u00e4hriger Erfahrung in der Entwicklung und Leitung von Projekten bei Automobilherstellern agiert FM Automotive als Schnittstelle zwischen Automobilherstellern und Automobilzulieferern. Stellvertretend wird an Projekt- &hellip;<\/p>\n<p class=\"read-more\"> <a class=\"more-link\" href=\"https:\/\/fmautomotive.ch\/cms\/?page_id=2635\"> <span class=\"screen-reader-text\">Unternehmen<\/span> Weiterlesen &raquo;<\/a><\/p>\n","protected":false},"author":2,"featured_media":0,"parent":0,"menu_order":1,"comment_status":"closed","ping_status":"closed","template":"full-width-page.php","meta":{"footnotes":""},"class_list":["post-2635","page","type-page","status-publish","hentry"],"_links":{"self":[{"href":"https:\/\/fmautomotive.ch\/cms\/index.php?rest_route=\/wp\/v2\/pages\/2635","targetHints":{"allow":["GET"]}}],"collection":[{"href":"https:\/\/fmautomotive.ch\/cms\/index.php?rest_route=\/wp\/v2\/pages"}],"about":[{"href":"https:\/\/fmautomotive.ch\/cms\/index.php?rest_route=\/wp\/v2\/types\/page"}],"author":[{"embeddable":true,"href":"https:\/\/fmautomotive.ch\/cms\/index.php?rest_route=\/wp\/v2\/users\/2"}],"replies":[{"embeddable":true,"href":"https:\/\/fmautomotive.ch\/cms\/index.php?rest_route=%2Fwp%2Fv2%2Fcomments&post=2635"}],"version-history":[{"count":19,"href":"https:\/\/fmautomotive.ch\/cms\/index.php?rest_route=\/wp\/v2\/pages\/2635\/revisions"}],"predecessor-version":[{"id":2890,"href":"https:\/\/fmautomotive.ch\/cms\/index.php?rest_route=\/wp\/v2\/pages\/2635\/revisions\/2890"}],"wp:attachment":[{"href":"https:\/\/fmautomotive.ch\/cms\/index.php?rest_route=%2Fwp%2Fv2%2Fmedia&parent=2635"}],"curies":[{"name":"wp","href":"https:\/\/api.w.org\/{rel}","templated":true}]}}